{"id":10032,"date":"2025-02-05T09:49:58","date_gmt":"2025-02-05T08:49:58","guid":{"rendered":"https:\/\/www.sams-industrie.fr\/product\/riveur-epais-reference-agrafeuse\/"},"modified":"2025-10-14T14:14:43","modified_gmt":"2025-10-14T12:14:43","slug":"riveur-epais-reference-agrafeuse","status":"publish","type":"product","link":"https:\/\/www.sams-industrie.fr\/en\/product\/riveur-epais-reference-agrafeuse\/","title":{"rendered":"Thick riveter <br> Reference F-276"},"content":{"rendered":"","protected":false},"excerpt":{"rendered":"<p>RAPIDEX R476<br \/>\nR\u00e9f\u00e9rence constructeur : F-276<br \/>\nR\u00e9f\u00e9rences \u00e9quivalentes : F276 \/ MF276 \/ RAPF276<\/p>","protected":false},"featured_media":11569,"comment_status":"open","ping_status":"closed","template":"","meta":[],"_links":{"self":[{"href":"https:\/\/www.sams-industrie.fr\/en\/wp-json\/wp\/v2\/product\/10032"}],"collection":[{"href":"https:\/\/www.sams-industrie.fr\/en\/wp-json\/wp\/v2\/product"}],"about":[{"href":"https:\/\/www.sams-industrie.fr\/en\/wp-json\/wp\/v2\/types\/product"}],"replies":[{"embeddable":true,"href":"https:\/\/www.sams-industrie.fr\/en\/wp-json\/wp\/v2\/comments?post=10032"}],"wp:featuredmedia":[{"embeddable":true,"href":"https:\/\/www.sams-industrie.fr\/en\/wp-json\/wp\/v2\/media\/11569"}],"wp:attachment":[{"href":"https:\/\/www.sams-industrie.fr\/en\/wp-json\/wp\/v2\/media?parent=10032"}],"curies":[{"name":"wp","href":"https:\/\/api.w.org\/{rel}","templated":true}]}}