{"id":10031,"date":"2025-02-05T09:49:58","date_gmt":"2025-02-05T08:49:58","guid":{"rendered":"https:\/\/www.sams-industrie.fr\/product\/pousseur-gros-fil-reference-agrafeuse\/"},"modified":"2025-02-19T11:53:00","modified_gmt":"2025-02-19T10:53:00","slug":"pousseur-gros-fil-reference-agrafeuse","status":"publish","type":"product","link":"https:\/\/www.sams-industrie.fr\/en\/product\/pousseur-gros-fil-reference-agrafeuse\/","title":{"rendered":"Thick wire pusher<br> Reference B-035"},"content":{"rendered":"","protected":false},"excerpt":{"rendered":"<p>RAPIDEX R476<br \/> R\u00e9f\u00e9rence constructeur : B-035<br \/> R\u00e9f\u00e9rences \u00e9quivalentes : B035 \/ MB035 \/ RAPB035<\/p>","protected":false},"featured_media":0,"comment_status":"open","ping_status":"closed","template":"","meta":[],"_links":{"self":[{"href":"https:\/\/www.sams-industrie.fr\/en\/wp-json\/wp\/v2\/product\/10031"}],"collection":[{"href":"https:\/\/www.sams-industrie.fr\/en\/wp-json\/wp\/v2\/product"}],"about":[{"href":"https:\/\/www.sams-industrie.fr\/en\/wp-json\/wp\/v2\/types\/product"}],"replies":[{"embeddable":true,"href":"https:\/\/www.sams-industrie.fr\/en\/wp-json\/wp\/v2\/comments?post=10031"}],"wp:attachment":[{"href":"https:\/\/www.sams-industrie.fr\/en\/wp-json\/wp\/v2\/media?parent=10031"}],"curies":[{"name":"wp","href":"https:\/\/api.w.org\/{rel}","templated":true}]}}