{"id":10030,"date":"2025-02-05T09:49:57","date_gmt":"2025-02-05T08:49:57","guid":{"rendered":"https:\/\/www.sams-industrie.fr\/product\/mandrin-point-16-reference-agrafeuse\/"},"modified":"2025-10-14T14:13:34","modified_gmt":"2025-10-14T12:13:34","slug":"mandrin-point-16-reference-agrafeuse","status":"publish","type":"product","link":"https:\/\/www.sams-industrie.fr\/en\/product\/mandrin-point-16-reference-agrafeuse\/","title":{"rendered":"16 point chuck<br> Reference F-081"},"content":{"rendered":"","protected":false},"excerpt":{"rendered":"<p>RAPIDEX R476<br \/>\nR\u00e9f\u00e9rence constructeur : F-081<br \/>\nR\u00e9f\u00e9rences \u00e9quivalentes : F081 \/ MF081 \/ RAPF081<\/p>","protected":false},"featured_media":11568,"comment_status":"open","ping_status":"closed","template":"","meta":[],"_links":{"self":[{"href":"https:\/\/www.sams-industrie.fr\/en\/wp-json\/wp\/v2\/product\/10030"}],"collection":[{"href":"https:\/\/www.sams-industrie.fr\/en\/wp-json\/wp\/v2\/product"}],"about":[{"href":"https:\/\/www.sams-industrie.fr\/en\/wp-json\/wp\/v2\/types\/product"}],"replies":[{"embeddable":true,"href":"https:\/\/www.sams-industrie.fr\/en\/wp-json\/wp\/v2\/comments?post=10030"}],"wp:featuredmedia":[{"embeddable":true,"href":"https:\/\/www.sams-industrie.fr\/en\/wp-json\/wp\/v2\/media\/11568"}],"wp:attachment":[{"href":"https:\/\/www.sams-industrie.fr\/en\/wp-json\/wp\/v2\/media?parent=10030"}],"curies":[{"name":"wp","href":"https:\/\/api.w.org\/{rel}","templated":true}]}}