{"id":10029,"date":"2025-02-05T09:49:56","date_gmt":"2025-02-05T08:49:56","guid":{"rendered":"https:\/\/www.sams-industrie.fr\/product\/pince-de-mandrin-reference-agrafeuse-3\/"},"modified":"2025-02-19T11:52:58","modified_gmt":"2025-02-19T10:52:58","slug":"pince-de-mandrin-reference-agrafeuse-3","status":"publish","type":"product","link":"https:\/\/www.sams-industrie.fr\/en\/product\/pince-de-mandrin-reference-agrafeuse-3\/","title":{"rendered":"Chuck clamp<br> Reference B-109"},"content":{"rendered":"","protected":false},"excerpt":{"rendered":"<p>RAPIDEX R476<br \/> R\u00e9f\u00e9rence constructeur : B-109<br \/> R\u00e9f\u00e9rences \u00e9quivalentes : B109 \/ MB109 \/ RAPB109<\/p>","protected":false},"featured_media":0,"comment_status":"open","ping_status":"closed","template":"","meta":[],"_links":{"self":[{"href":"https:\/\/www.sams-industrie.fr\/en\/wp-json\/wp\/v2\/product\/10029"}],"collection":[{"href":"https:\/\/www.sams-industrie.fr\/en\/wp-json\/wp\/v2\/product"}],"about":[{"href":"https:\/\/www.sams-industrie.fr\/en\/wp-json\/wp\/v2\/types\/product"}],"replies":[{"embeddable":true,"href":"https:\/\/www.sams-industrie.fr\/en\/wp-json\/wp\/v2\/comments?post=10029"}],"wp:attachment":[{"href":"https:\/\/www.sams-industrie.fr\/en\/wp-json\/wp\/v2\/media?parent=10029"}],"curies":[{"name":"wp","href":"https:\/\/api.w.org\/{rel}","templated":true}]}}