{"id":10028,"date":"2025-02-05T09:49:56","date_gmt":"2025-02-05T08:49:56","guid":{"rendered":"https:\/\/www.sams-industrie.fr\/product\/plaquette-de-retenue-cisaille-reference-agrafeuse\/"},"modified":"2025-02-19T11:52:57","modified_gmt":"2025-02-19T10:52:57","slug":"plaquette-de-retenue-cisaille-reference-agrafeuse","status":"publish","type":"product","link":"https:\/\/www.sams-industrie.fr\/en\/product\/plaquette-de-retenue-cisaille-reference-agrafeuse\/","title":{"rendered":"Shear retaining plate<br> Reference A32-027-114"},"content":{"rendered":"","protected":false},"excerpt":{"rendered":"<p>RAPIDEX A32<br \/> R\u00e9f\u00e9rence constructeur : A32-027-114<br \/> R\u00e9f\u00e9rences \u00e9quivalentes : A32027114BA \/ MA32027114BA \/ RAPA32027114BA<\/p>","protected":false},"featured_media":0,"comment_status":"open","ping_status":"closed","template":"","meta":[],"_links":{"self":[{"href":"https:\/\/www.sams-industrie.fr\/en\/wp-json\/wp\/v2\/product\/10028"}],"collection":[{"href":"https:\/\/www.sams-industrie.fr\/en\/wp-json\/wp\/v2\/product"}],"about":[{"href":"https:\/\/www.sams-industrie.fr\/en\/wp-json\/wp\/v2\/types\/product"}],"replies":[{"embeddable":true,"href":"https:\/\/www.sams-industrie.fr\/en\/wp-json\/wp\/v2\/comments?post=10028"}],"wp:attachment":[{"href":"https:\/\/www.sams-industrie.fr\/en\/wp-json\/wp\/v2\/media?parent=10028"}],"curies":[{"name":"wp","href":"https:\/\/api.w.org\/{rel}","templated":true}]}}