{"id":10027,"date":"2025-02-05T09:49:54","date_gmt":"2025-02-05T08:49:54","guid":{"rendered":"https:\/\/www.sams-industrie.fr\/product\/coupeur-biais-reference-agrafeuse-3\/"},"modified":"2025-09-11T16:42:57","modified_gmt":"2025-09-11T14:42:57","slug":"coupeur-biais-reference-agrafeuse-3","status":"publish","type":"product","link":"https:\/\/www.sams-industrie.fr\/en\/product\/coupeur-biais-reference-agrafeuse-3\/","title":{"rendered":"Bias cutter<br> Reference EC21BA-113-003"},"content":{"rendered":"","protected":false},"excerpt":{"rendered":"<p>RAPIDEX EC21<br \/>\nR\u00e9f\u00e9rence constructeur : EC21BA-113-003<br \/>\nR\u00e9f\u00e9rences \u00e9quivalentes : EC21BA113003 \/ MEC21BA113003 \/ RAPEC21BA113003<\/p>","protected":false},"featured_media":11555,"comment_status":"open","ping_status":"closed","template":"","meta":[],"_links":{"self":[{"href":"https:\/\/www.sams-industrie.fr\/en\/wp-json\/wp\/v2\/product\/10027"}],"collection":[{"href":"https:\/\/www.sams-industrie.fr\/en\/wp-json\/wp\/v2\/product"}],"about":[{"href":"https:\/\/www.sams-industrie.fr\/en\/wp-json\/wp\/v2\/types\/product"}],"replies":[{"embeddable":true,"href":"https:\/\/www.sams-industrie.fr\/en\/wp-json\/wp\/v2\/comments?post=10027"}],"wp:featuredmedia":[{"embeddable":true,"href":"https:\/\/www.sams-industrie.fr\/en\/wp-json\/wp\/v2\/media\/11555"}],"wp:attachment":[{"href":"https:\/\/www.sams-industrie.fr\/en\/wp-json\/wp\/v2\/media?parent=10027"}],"curies":[{"name":"wp","href":"https:\/\/api.w.org\/{rel}","templated":true}]}}