{"id":10026,"date":"2025-02-05T09:49:53","date_gmt":"2025-02-05T08:49:53","guid":{"rendered":"https:\/\/www.sams-industrie.fr\/product\/pastille-de-rivetage-point-19-reference-agrafeuse\/"},"modified":"2025-09-11T16:42:08","modified_gmt":"2025-09-11T14:42:08","slug":"pastille-de-rivetage-point-19-reference-agrafeuse","status":"publish","type":"product","link":"https:\/\/www.sams-industrie.fr\/en\/product\/pastille-de-rivetage-point-19-reference-agrafeuse\/","title":{"rendered":"Riveting pad point 19<br> Reference GB-027-128"},"content":{"rendered":"","protected":false},"excerpt":{"rendered":"<p>RAPIDEX EC28<br \/>\nR\u00e9f\u00e9rence constructeur : GB-027-128<br \/>\nR\u00e9f\u00e9rences \u00e9quivalentes : GB027128 \/ MGB027128 \/ RAPGB027128<\/p>","protected":false},"featured_media":11554,"comment_status":"open","ping_status":"closed","template":"","meta":[],"_links":{"self":[{"href":"https:\/\/www.sams-industrie.fr\/en\/wp-json\/wp\/v2\/product\/10026"}],"collection":[{"href":"https:\/\/www.sams-industrie.fr\/en\/wp-json\/wp\/v2\/product"}],"about":[{"href":"https:\/\/www.sams-industrie.fr\/en\/wp-json\/wp\/v2\/types\/product"}],"replies":[{"embeddable":true,"href":"https:\/\/www.sams-industrie.fr\/en\/wp-json\/wp\/v2\/comments?post=10026"}],"wp:featuredmedia":[{"embeddable":true,"href":"https:\/\/www.sams-industrie.fr\/en\/wp-json\/wp\/v2\/media\/11554"}],"wp:attachment":[{"href":"https:\/\/www.sams-industrie.fr\/en\/wp-json\/wp\/v2\/media?parent=10026"}],"curies":[{"name":"wp","href":"https:\/\/api.w.org\/{rel}","templated":true}]}}