{"id":10024,"date":"2025-02-05T09:49:52","date_gmt":"2025-02-05T08:49:52","guid":{"rendered":"https:\/\/www.sams-industrie.fr\/product\/pousseur-250x50-point-14-reference-agrafeuse\/"},"modified":"2025-09-11T16:41:13","modified_gmt":"2025-09-11T14:41:13","slug":"pousseur-250x50-point-14-reference-agrafeuse","status":"publish","type":"product","link":"https:\/\/www.sams-industrie.fr\/en\/product\/pousseur-250x50-point-14-reference-agrafeuse\/","title":{"rendered":"Pusher 250\u00d750 point 14<br> Reference EC21076009016"},"content":{"rendered":"","protected":false},"excerpt":{"rendered":"<p>RAPIDEX EC21<br \/>\nR\u00e9f\u00e9rence constructeur : EC21076009016<br \/>\nR\u00e9f\u00e9rences \u00e9quivalentes : EC21076009016 \/ MEC21076009016 \/ RAPEC21076009016<\/p>","protected":false},"featured_media":11553,"comment_status":"open","ping_status":"closed","template":"","meta":[],"_links":{"self":[{"href":"https:\/\/www.sams-industrie.fr\/en\/wp-json\/wp\/v2\/product\/10024"}],"collection":[{"href":"https:\/\/www.sams-industrie.fr\/en\/wp-json\/wp\/v2\/product"}],"about":[{"href":"https:\/\/www.sams-industrie.fr\/en\/wp-json\/wp\/v2\/types\/product"}],"replies":[{"embeddable":true,"href":"https:\/\/www.sams-industrie.fr\/en\/wp-json\/wp\/v2\/comments?post=10024"}],"wp:featuredmedia":[{"embeddable":true,"href":"https:\/\/www.sams-industrie.fr\/en\/wp-json\/wp\/v2\/media\/11553"}],"wp:attachment":[{"href":"https:\/\/www.sams-industrie.fr\/en\/wp-json\/wp\/v2\/media?parent=10024"}],"curies":[{"name":"wp","href":"https:\/\/api.w.org\/{rel}","templated":true}]}}