{"id":10021,"date":"2025-02-05T09:49:50","date_gmt":"2025-02-05T08:49:50","guid":{"rendered":"https:\/\/www.sams-industrie.fr\/product\/pousseur-gros-fil-point-19-reference-agrafeuse\/"},"modified":"2025-09-11T16:39:42","modified_gmt":"2025-09-11T14:39:42","slug":"pousseur-gros-fil-point-19-reference-agrafeuse","status":"publish","type":"product","link":"https:\/\/www.sams-industrie.fr\/en\/product\/pousseur-gros-fil-point-19-reference-agrafeuse\/","title":{"rendered":"Large thread pusher point 19<br> Reference GB-027-021"},"content":{"rendered":"","protected":false},"excerpt":{"rendered":"<p>RAPIDEX EC21<br \/>\nR\u00e9f\u00e9rence constructeur : GB-027-021<br \/>\nR\u00e9f\u00e9rences \u00e9quivalentes : GB027021 \/ MGB027021 \/ RAPGB027021<\/p>","protected":false},"featured_media":11551,"comment_status":"open","ping_status":"closed","template":"","meta":[],"_links":{"self":[{"href":"https:\/\/www.sams-industrie.fr\/en\/wp-json\/wp\/v2\/product\/10021"}],"collection":[{"href":"https:\/\/www.sams-industrie.fr\/en\/wp-json\/wp\/v2\/product"}],"about":[{"href":"https:\/\/www.sams-industrie.fr\/en\/wp-json\/wp\/v2\/types\/product"}],"replies":[{"embeddable":true,"href":"https:\/\/www.sams-industrie.fr\/en\/wp-json\/wp\/v2\/comments?post=10021"}],"wp:featuredmedia":[{"embeddable":true,"href":"https:\/\/www.sams-industrie.fr\/en\/wp-json\/wp\/v2\/media\/11551"}],"wp:attachment":[{"href":"https:\/\/www.sams-industrie.fr\/en\/wp-json\/wp\/v2\/media?parent=10021"}],"curies":[{"name":"wp","href":"https:\/\/api.w.org\/{rel}","templated":true}]}}