{"id":10020,"date":"2025-02-05T09:49:50","date_gmt":"2025-02-05T08:49:50","guid":{"rendered":"https:\/\/www.sams-industrie.fr\/product\/plieur-gros-fil-point-19-reference-agrafeuse\/"},"modified":"2025-09-11T16:38:31","modified_gmt":"2025-09-11T14:38:31","slug":"plieur-gros-fil-point-19-reference-agrafeuse","status":"publish","type":"product","link":"https:\/\/www.sams-industrie.fr\/en\/product\/plieur-gros-fil-point-19-reference-agrafeuse\/","title":{"rendered":"Large thread folder point 19<br> Reference GB-027-020"},"content":{"rendered":"","protected":false},"excerpt":{"rendered":"<p>RAPIDEX EC21<br \/>\nR\u00e9f\u00e9rence constructeur : GB-027-020<br \/>\nR\u00e9f\u00e9rences \u00e9quivalentes : GB027020 \/ MGB027020 \/ RAPGB027020<\/p>","protected":false},"featured_media":11550,"comment_status":"open","ping_status":"closed","template":"","meta":[],"_links":{"self":[{"href":"https:\/\/www.sams-industrie.fr\/en\/wp-json\/wp\/v2\/product\/10020"}],"collection":[{"href":"https:\/\/www.sams-industrie.fr\/en\/wp-json\/wp\/v2\/product"}],"about":[{"href":"https:\/\/www.sams-industrie.fr\/en\/wp-json\/wp\/v2\/types\/product"}],"replies":[{"embeddable":true,"href":"https:\/\/www.sams-industrie.fr\/en\/wp-json\/wp\/v2\/comments?post=10020"}],"wp:featuredmedia":[{"embeddable":true,"href":"https:\/\/www.sams-industrie.fr\/en\/wp-json\/wp\/v2\/media\/11550"}],"wp:attachment":[{"href":"https:\/\/www.sams-industrie.fr\/en\/wp-json\/wp\/v2\/media?parent=10020"}],"curies":[{"name":"wp","href":"https:\/\/api.w.org\/{rel}","templated":true}]}}