{"id":10018,"date":"2025-02-05T09:49:49","date_gmt":"2025-02-05T08:49:49","guid":{"rendered":"https:\/\/www.sams-industrie.fr\/product\/vis-butee-de-mandrin-reference-agrafeuse\/"},"modified":"2025-02-19T11:52:50","modified_gmt":"2025-02-19T10:52:50","slug":"vis-butee-de-mandrin-reference-agrafeuse","status":"publish","type":"product","link":"https:\/\/www.sams-industrie.fr\/en\/product\/vis-butee-de-mandrin-reference-agrafeuse\/","title":{"rendered":"Chuck stop screw<br> Reference GB-027-014"},"content":{"rendered":"","protected":false},"excerpt":{"rendered":"<p>RAPIDEX EC28<br \/> R\u00e9f\u00e9rence constructeur : GB-027-014<br \/> R\u00e9f\u00e9rences \u00e9quivalentes : GB027014 \/ MGB027014 \/ RAPGB027014<\/p>","protected":false},"featured_media":0,"comment_status":"open","ping_status":"closed","template":"","meta":[],"_links":{"self":[{"href":"https:\/\/www.sams-industrie.fr\/en\/wp-json\/wp\/v2\/product\/10018"}],"collection":[{"href":"https:\/\/www.sams-industrie.fr\/en\/wp-json\/wp\/v2\/product"}],"about":[{"href":"https:\/\/www.sams-industrie.fr\/en\/wp-json\/wp\/v2\/types\/product"}],"replies":[{"embeddable":true,"href":"https:\/\/www.sams-industrie.fr\/en\/wp-json\/wp\/v2\/comments?post=10018"}],"wp:attachment":[{"href":"https:\/\/www.sams-industrie.fr\/en\/wp-json\/wp\/v2\/media?parent=10018"}],"curies":[{"name":"wp","href":"https:\/\/api.w.org\/{rel}","templated":true}]}}