{"id":10016,"date":"2025-02-05T09:49:48","date_gmt":"2025-02-05T08:49:48","guid":{"rendered":"https:\/\/www.sams-industrie.fr\/product\/galet-du-redresseur-reference-agrafeuse\/"},"modified":"2025-02-19T11:52:49","modified_gmt":"2025-02-19T10:52:49","slug":"galet-du-redresseur-reference-agrafeuse","status":"publish","type":"product","link":"https:\/\/www.sams-industrie.fr\/en\/product\/galet-du-redresseur-reference-agrafeuse\/","title":{"rendered":"Straightener roller<br> Reference EC21-027-212"},"content":{"rendered":"","protected":false},"excerpt":{"rendered":"<p>RAPIDEX EC28<br \/> R\u00e9f\u00e9rence constructeur : EC21-027-212<br \/> R\u00e9f\u00e9rences \u00e9quivalentes : EC21027212 \/ MEC21027212 \/ RAPEC21027212<\/p>","protected":false},"featured_media":0,"comment_status":"open","ping_status":"closed","template":"","meta":[],"_links":{"self":[{"href":"https:\/\/www.sams-industrie.fr\/en\/wp-json\/wp\/v2\/product\/10016"}],"collection":[{"href":"https:\/\/www.sams-industrie.fr\/en\/wp-json\/wp\/v2\/product"}],"about":[{"href":"https:\/\/www.sams-industrie.fr\/en\/wp-json\/wp\/v2\/types\/product"}],"replies":[{"embeddable":true,"href":"https:\/\/www.sams-industrie.fr\/en\/wp-json\/wp\/v2\/comments?post=10016"}],"wp:attachment":[{"href":"https:\/\/www.sams-industrie.fr\/en\/wp-json\/wp\/v2\/media?parent=10016"}],"curies":[{"name":"wp","href":"https:\/\/api.w.org\/{rel}","templated":true}]}}