{"id":10014,"date":"2025-02-05T09:49:47","date_gmt":"2025-02-05T08:49:47","guid":{"rendered":"https:\/\/www.sams-industrie.fr\/product\/coupeur-droit-reference-agrafeuse-3\/"},"modified":"2025-02-19T11:52:46","modified_gmt":"2025-02-19T10:52:46","slug":"coupeur-droit-reference-agrafeuse-3","status":"publish","type":"product","link":"https:\/\/www.sams-industrie.fr\/en\/product\/coupeur-droit-reference-agrafeuse-3\/","title":{"rendered":"Straight cutter<br> Reference A32B113011"},"content":{"rendered":"","protected":false},"excerpt":{"rendered":"<p>RAPIDEX A32<br \/> R\u00e9f\u00e9rence constructeur : A32B113011<br \/> R\u00e9f\u00e9rences \u00e9quivalentes : A32B113011 \/ MA32B113011 \/ RAPA32B113011<\/p>","protected":false},"featured_media":0,"comment_status":"open","ping_status":"closed","template":"","meta":[],"_links":{"self":[{"href":"https:\/\/www.sams-industrie.fr\/en\/wp-json\/wp\/v2\/product\/10014"}],"collection":[{"href":"https:\/\/www.sams-industrie.fr\/en\/wp-json\/wp\/v2\/product"}],"about":[{"href":"https:\/\/www.sams-industrie.fr\/en\/wp-json\/wp\/v2\/types\/product"}],"replies":[{"embeddable":true,"href":"https:\/\/www.sams-industrie.fr\/en\/wp-json\/wp\/v2\/comments?post=10014"}],"wp:attachment":[{"href":"https:\/\/www.sams-industrie.fr\/en\/wp-json\/wp\/v2\/media?parent=10014"}],"curies":[{"name":"wp","href":"https:\/\/api.w.org\/{rel}","templated":true}]}}