{"id":10012,"date":"2025-02-05T09:49:45","date_gmt":"2025-02-05T08:49:45","guid":{"rendered":"https:\/\/www.sams-industrie.fr\/product\/ressort-de-rappel-de-mandrin-reference-agrafeuse-2\/"},"modified":"2025-02-19T11:52:45","modified_gmt":"2025-02-19T10:52:45","slug":"ressort-de-rappel-de-mandrin-reference-agrafeuse-2","status":"publish","type":"product","link":"https:\/\/www.sams-industrie.fr\/en\/product\/ressort-de-rappel-de-mandrin-reference-agrafeuse-2\/","title":{"rendered":"Chuck return spring<br> Reference CR014"},"content":{"rendered":"","protected":false},"excerpt":{"rendered":"<p>RAPIDEX EC28<br \/> R\u00e9f\u00e9rence constructeur : CR014<br \/> R\u00e9f\u00e9rences \u00e9quivalentes : CR014 \/ MCR014 \/ RAPCR014<\/p>","protected":false},"featured_media":0,"comment_status":"open","ping_status":"closed","template":"","meta":[],"_links":{"self":[{"href":"https:\/\/www.sams-industrie.fr\/en\/wp-json\/wp\/v2\/product\/10012"}],"collection":[{"href":"https:\/\/www.sams-industrie.fr\/en\/wp-json\/wp\/v2\/product"}],"about":[{"href":"https:\/\/www.sams-industrie.fr\/en\/wp-json\/wp\/v2\/types\/product"}],"replies":[{"embeddable":true,"href":"https:\/\/www.sams-industrie.fr\/en\/wp-json\/wp\/v2\/comments?post=10012"}],"wp:attachment":[{"href":"https:\/\/www.sams-industrie.fr\/en\/wp-json\/wp\/v2\/media?parent=10012"}],"curies":[{"name":"wp","href":"https:\/\/api.w.org\/{rel}","templated":true}]}}