{"id":10011,"date":"2025-02-05T09:49:45","date_gmt":"2025-02-05T08:49:45","guid":{"rendered":"https:\/\/www.sams-industrie.fr\/product\/ressort-de-pince-reference-agrafeuse\/"},"modified":"2025-09-11T16:36:30","modified_gmt":"2025-09-11T14:36:30","slug":"ressort-de-pince-reference-agrafeuse","status":"publish","type":"product","link":"https:\/\/www.sams-industrie.fr\/en\/product\/ressort-de-pince-reference-agrafeuse\/","title":{"rendered":"Clamp spring<br> Reference 10150"},"content":{"rendered":"","protected":false},"excerpt":{"rendered":"<p>RAPIDEX EC28<br \/>\nR\u00e9f\u00e9rence constructeur : 10150<br \/>\nR\u00e9f\u00e9rences \u00e9quivalentes : 10150 \/ M10150 \/ RAP10150<\/p>","protected":false},"featured_media":11548,"comment_status":"open","ping_status":"closed","template":"","meta":[],"_links":{"self":[{"href":"https:\/\/www.sams-industrie.fr\/en\/wp-json\/wp\/v2\/product\/10011"}],"collection":[{"href":"https:\/\/www.sams-industrie.fr\/en\/wp-json\/wp\/v2\/product"}],"about":[{"href":"https:\/\/www.sams-industrie.fr\/en\/wp-json\/wp\/v2\/types\/product"}],"replies":[{"embeddable":true,"href":"https:\/\/www.sams-industrie.fr\/en\/wp-json\/wp\/v2\/comments?post=10011"}],"wp:featuredmedia":[{"embeddable":true,"href":"https:\/\/www.sams-industrie.fr\/en\/wp-json\/wp\/v2\/media\/11548"}],"wp:attachment":[{"href":"https:\/\/www.sams-industrie.fr\/en\/wp-json\/wp\/v2\/media?parent=10011"}],"curies":[{"name":"wp","href":"https:\/\/api.w.org\/{rel}","templated":true}]}}