{"id":10010,"date":"2025-02-05T09:49:44","date_gmt":"2025-02-05T08:49:44","guid":{"rendered":"https:\/\/www.sams-industrie.fr\/product\/mandrin-monte-reference-agrafeuse\/"},"modified":"2025-02-19T11:52:43","modified_gmt":"2025-02-19T10:52:43","slug":"mandrin-monte-reference-agrafeuse","status":"publish","type":"product","link":"https:\/\/www.sams-industrie.fr\/en\/product\/mandrin-monte-reference-agrafeuse\/","title":{"rendered":"Mounted chuck<br> Reference SGB-027-725-126"},"content":{"rendered":"","protected":false},"excerpt":{"rendered":"<p>RAPIDEX EC28<br \/> R\u00e9f\u00e9rence constructeur : SGB-027-725-126<br \/> R\u00e9f\u00e9rences \u00e9quivalentes : SGB027725126 \/ SGB027725126 \/ SGB027725126<\/p>","protected":false},"featured_media":0,"comment_status":"open","ping_status":"closed","template":"","meta":[],"_links":{"self":[{"href":"https:\/\/www.sams-industrie.fr\/en\/wp-json\/wp\/v2\/product\/10010"}],"collection":[{"href":"https:\/\/www.sams-industrie.fr\/en\/wp-json\/wp\/v2\/product"}],"about":[{"href":"https:\/\/www.sams-industrie.fr\/en\/wp-json\/wp\/v2\/types\/product"}],"replies":[{"embeddable":true,"href":"https:\/\/www.sams-industrie.fr\/en\/wp-json\/wp\/v2\/comments?post=10010"}],"wp:attachment":[{"href":"https:\/\/www.sams-industrie.fr\/en\/wp-json\/wp\/v2\/media?parent=10010"}],"curies":[{"name":"wp","href":"https:\/\/api.w.org\/{rel}","templated":true}]}}