{"id":10008,"date":"2025-02-05T09:49:43","date_gmt":"2025-02-05T08:49:43","guid":{"rendered":"https:\/\/www.sams-industrie.fr\/product\/mandrin-reference-agrafeuse-2\/"},"modified":"2025-09-11T16:31:03","modified_gmt":"2025-09-11T14:31:03","slug":"mandrin-reference-agrafeuse-2","status":"publish","type":"product","link":"https:\/\/www.sams-industrie.fr\/en\/product\/mandrin-reference-agrafeuse-2\/","title":{"rendered":"Mandrel<br> Reference GB-027-725"},"content":{"rendered":"","protected":false},"excerpt":{"rendered":"<p>RAPIDEX EC28<br \/>\nR\u00e9f\u00e9rence constructeur : GB-027-725<br \/>\nR\u00e9f\u00e9rences \u00e9quivalentes : GB027725 \/ MGB027725 \/ RAPGB027725<\/p>","protected":false},"featured_media":11546,"comment_status":"open","ping_status":"closed","template":"","meta":[],"_links":{"self":[{"href":"https:\/\/www.sams-industrie.fr\/en\/wp-json\/wp\/v2\/product\/10008"}],"collection":[{"href":"https:\/\/www.sams-industrie.fr\/en\/wp-json\/wp\/v2\/product"}],"about":[{"href":"https:\/\/www.sams-industrie.fr\/en\/wp-json\/wp\/v2\/types\/product"}],"replies":[{"embeddable":true,"href":"https:\/\/www.sams-industrie.fr\/en\/wp-json\/wp\/v2\/comments?post=10008"}],"wp:featuredmedia":[{"embeddable":true,"href":"https:\/\/www.sams-industrie.fr\/en\/wp-json\/wp\/v2\/media\/11546"}],"wp:attachment":[{"href":"https:\/\/www.sams-industrie.fr\/en\/wp-json\/wp\/v2\/media?parent=10008"}],"curies":[{"name":"wp","href":"https:\/\/api.w.org\/{rel}","templated":true}]}}