{"id":10007,"date":"2025-02-05T09:49:43","date_gmt":"2025-02-05T08:49:43","guid":{"rendered":"https:\/\/www.sams-industrie.fr\/product\/pince-de-mandrin-montee-reference-agrafeuse\/"},"modified":"2025-02-19T11:52:41","modified_gmt":"2025-02-19T10:52:41","slug":"pince-de-mandrin-montee-reference-agrafeuse","status":"publish","type":"product","link":"https:\/\/www.sams-industrie.fr\/en\/product\/pince-de-mandrin-montee-reference-agrafeuse\/","title":{"rendered":"Mounted chuck clamp<br> Reference GB-027-126"},"content":{"rendered":"","protected":false},"excerpt":{"rendered":"<p>RAPIDEX EC28<br \/> R\u00e9f\u00e9rence constructeur : GB-027-126<br \/> R\u00e9f\u00e9rences \u00e9quivalentes : GB027126 \/ MGB027126 \/ RAPGB027126<\/p>","protected":false},"featured_media":0,"comment_status":"open","ping_status":"closed","template":"","meta":[],"_links":{"self":[{"href":"https:\/\/www.sams-industrie.fr\/en\/wp-json\/wp\/v2\/product\/10007"}],"collection":[{"href":"https:\/\/www.sams-industrie.fr\/en\/wp-json\/wp\/v2\/product"}],"about":[{"href":"https:\/\/www.sams-industrie.fr\/en\/wp-json\/wp\/v2\/types\/product"}],"replies":[{"embeddable":true,"href":"https:\/\/www.sams-industrie.fr\/en\/wp-json\/wp\/v2\/comments?post=10007"}],"wp:attachment":[{"href":"https:\/\/www.sams-industrie.fr\/en\/wp-json\/wp\/v2\/media?parent=10007"}],"curies":[{"name":"wp","href":"https:\/\/api.w.org\/{rel}","templated":true}]}}