{"id":10006,"date":"2025-02-05T09:49:42","date_gmt":"2025-02-05T08:49:42","guid":{"rendered":"https:\/\/www.sams-industrie.fr\/product\/pince-de-mandrin-reference-agrafeuse-2\/"},"modified":"2025-09-11T16:30:16","modified_gmt":"2025-09-11T14:30:16","slug":"pince-de-mandrin-reference-agrafeuse-2","status":"publish","type":"product","link":"https:\/\/www.sams-industrie.fr\/en\/product\/pince-de-mandrin-reference-agrafeuse-2\/","title":{"rendered":"Chuck clamp<br> Reference GB-027-126"},"content":{"rendered":"","protected":false},"excerpt":{"rendered":"<p>RAPIDEX EC28<br \/>\nR\u00e9f\u00e9rence constructeur : GB-027-126<br \/>\nR\u00e9f\u00e9rences \u00e9quivalentes : GB027126 \/ MGB027126 \/ RAPGB027126<\/p>","protected":false},"featured_media":11545,"comment_status":"open","ping_status":"closed","template":"","meta":[],"_links":{"self":[{"href":"https:\/\/www.sams-industrie.fr\/en\/wp-json\/wp\/v2\/product\/10006"}],"collection":[{"href":"https:\/\/www.sams-industrie.fr\/en\/wp-json\/wp\/v2\/product"}],"about":[{"href":"https:\/\/www.sams-industrie.fr\/en\/wp-json\/wp\/v2\/types\/product"}],"replies":[{"embeddable":true,"href":"https:\/\/www.sams-industrie.fr\/en\/wp-json\/wp\/v2\/comments?post=10006"}],"wp:featuredmedia":[{"embeddable":true,"href":"https:\/\/www.sams-industrie.fr\/en\/wp-json\/wp\/v2\/media\/11545"}],"wp:attachment":[{"href":"https:\/\/www.sams-industrie.fr\/en\/wp-json\/wp\/v2\/media?parent=10006"}],"curies":[{"name":"wp","href":"https:\/\/api.w.org\/{rel}","templated":true}]}}