{"id":10005,"date":"2025-02-05T09:49:42","date_gmt":"2025-02-05T08:49:42","guid":{"rendered":"https:\/\/www.sams-industrie.fr\/product\/manivelle-de-coupe-reference-agrafeuse-2\/"},"modified":"2025-02-19T11:52:39","modified_gmt":"2025-02-19T10:52:39","slug":"manivelle-de-coupe-reference-agrafeuse-2","status":"publish","type":"product","link":"https:\/\/www.sams-industrie.fr\/en\/product\/manivelle-de-coupe-reference-agrafeuse-2\/","title":{"rendered":"Cutting crank<br> Reference GB-027-016"},"content":{"rendered":"","protected":false},"excerpt":{"rendered":"<p>RAPIDEX EC21<br \/> R\u00e9f\u00e9rence constructeur : GB-027-016<br \/> R\u00e9f\u00e9rences \u00e9quivalentes : GB027016 \/ MGB027016 \/ RAPGB027016<\/p>","protected":false},"featured_media":0,"comment_status":"open","ping_status":"closed","template":"","meta":[],"_links":{"self":[{"href":"https:\/\/www.sams-industrie.fr\/en\/wp-json\/wp\/v2\/product\/10005"}],"collection":[{"href":"https:\/\/www.sams-industrie.fr\/en\/wp-json\/wp\/v2\/product"}],"about":[{"href":"https:\/\/www.sams-industrie.fr\/en\/wp-json\/wp\/v2\/types\/product"}],"replies":[{"embeddable":true,"href":"https:\/\/www.sams-industrie.fr\/en\/wp-json\/wp\/v2\/comments?post=10005"}],"wp:attachment":[{"href":"https:\/\/www.sams-industrie.fr\/en\/wp-json\/wp\/v2\/media?parent=10005"}],"curies":[{"name":"wp","href":"https:\/\/api.w.org\/{rel}","templated":true}]}}