{"id":10000,"date":"2025-02-05T09:49:39","date_gmt":"2025-02-05T08:49:39","guid":{"rendered":"https:\/\/www.sams-industrie.fr\/product\/de-de-manivelle-reference-agrafeuse\/"},"modified":"2025-09-11T16:28:41","modified_gmt":"2025-09-11T14:28:41","slug":"de-de-manivelle-reference-agrafeuse","status":"publish","type":"product","link":"https:\/\/www.sams-industrie.fr\/en\/product\/de-de-manivelle-reference-agrafeuse\/","title":{"rendered":"Crank thimble<br> Reference EC21-027-115A"},"content":{"rendered":"","protected":false},"excerpt":{"rendered":"<p>RAPIDEX EC21<br \/>\nR\u00e9f\u00e9rence constructeur : EC21-027-115A<br \/>\nR\u00e9f\u00e9rences \u00e9quivalentes : EC21027115A \/ MEC21027115A \/ RAPEC21027115A<\/p>","protected":false},"featured_media":11544,"comment_status":"open","ping_status":"closed","template":"","meta":[],"_links":{"self":[{"href":"https:\/\/www.sams-industrie.fr\/en\/wp-json\/wp\/v2\/product\/10000"}],"collection":[{"href":"https:\/\/www.sams-industrie.fr\/en\/wp-json\/wp\/v2\/product"}],"about":[{"href":"https:\/\/www.sams-industrie.fr\/en\/wp-json\/wp\/v2\/types\/product"}],"replies":[{"embeddable":true,"href":"https:\/\/www.sams-industrie.fr\/en\/wp-json\/wp\/v2\/comments?post=10000"}],"wp:featuredmedia":[{"embeddable":true,"href":"https:\/\/www.sams-industrie.fr\/en\/wp-json\/wp\/v2\/media\/11544"}],"wp:attachment":[{"href":"https:\/\/www.sams-industrie.fr\/en\/wp-json\/wp\/v2\/media?parent=10000"}],"curies":[{"name":"wp","href":"https:\/\/api.w.org\/{rel}","templated":true}]}}